{"id":2356,"date":"2025-04-15T10:55:56","date_gmt":"2025-04-15T08:55:56","guid":{"rendered":"https:\/\/strahlfoili.com\/?post_type=product&#038;p=2356"},"modified":"2026-01-13T11:46:50","modified_gmt":"2026-01-13T10:46:50","slug":"strahlfoili-kombi-pack","status":"publish","type":"product","link":"https:\/\/strahlfoili.com\/en\/product\/strahlfoili-kombi-pack\/","title":{"rendered":"Strahlfoili horse and hoof care bundle"},"content":{"rendered":"<p dir=\"auto\">The bundle combines all out products in one pack.<\/p>\n<p dir=\"auto\"><strong>Strahlfili - The bestseller<\/strong><\/p>\n<p dir=\"auto\">Suitable for horses with thrush, cracked hooves, white line problems, old nail holes, hoof abscesses and other hoof problems that can spread bacteria in the hoof. In summer, you can maintain the hoof with little effort.<\/p>\n<p dir=\"auto\"><strong>Hufoili<\/strong><\/p>\n<p dir=\"auto\">The ultimate hoof gel for every horse. Hufoili is not a normal hoof oil; it keeps the coronet band flexible and the rest of the hoof well cared for. Ideal for caring for the hoof with high-quality oils and keeping it supple.<\/p>\n<p dir=\"auto\">Tip: Combine Strahlfoili and Hufoili on any hoof, shoed, barefoot, glued and more.<\/p>\n<p><strong>Beinfoili<\/strong><\/p>\n<p dir=\"auto\">Die k\u00fchlende Beinpackung, die die Durchblutung im Pferdebein unterst\u00fctzt und bei der Regeneration von Gewebe, Gelenken, Sehnen und B\u00e4ndern helfen kann. Einfach aufzutragen und abzub\u00fcrsten, hilft und k\u00fchlt es bei Bedarf.<\/p>\n<p dir=\"auto\"><strong>Hoof pick with wire brush<\/strong><\/p>\n<div class=\"woocommerce-product-details__short-description\">\n<p><span class=\"TextRun SCXW20102709 BCX0\" lang=\"EN-US\" xml:lang=\"EN-US\" data-contrast=\"auto\"><span class=\"NormalTextRun SCXW20102709 BCX0\">Der <\/span><span class=\"NormalTextRun SpellingErrorV2Themed SCXW20102709 BCX0\">Strahlfoili<\/span> <span class=\"NormalTextRun SpellingErrorV2Themed SCXW20102709 BCX0\">Hufauskratzer<\/span> <span class=\"NormalTextRun SpellingErrorV2Themed SCXW20102709 BCX0\">mit<\/span> <span class=\"NormalTextRun SpellingErrorV2Themed SCXW20102709 BCX0\">Draht-Hufb\u00fcrste<\/span> <span class=\"NormalTextRun SpellingErrorV2Themed SCXW20102709 BCX0\">ist<\/span><span class=\"NormalTextRun SCXW20102709 BCX0\"> das <\/span><span class=\"NormalTextRun SpellingErrorV2Themed SCXW20102709 BCX0\">perfekte<\/span> <span class=\"NormalTextRun SpellingErrorV2Themed SCXW20102709 BCX0\">Werkzeug<\/span><span class=\"NormalTextRun SCXW20102709 BCX0\">, um Dreck und Matschresten von den <\/span><span class=\"NormalTextRun SpellingErrorV2Themed SCXW20102709 BCX0\">Hufen<\/span> <span class=\"NormalTextRun SpellingErrorV2Themed SCXW20102709 BCX0\">zu<\/span> <span class=\"NormalTextRun SpellingErrorV2Themed SCXW20102709 BCX0\">entfernen<\/span><span class=\"NormalTextRun SCXW20102709 BCX0\"> und <\/span><span class=\"NormalTextRun SpellingErrorV2Themed SCXW20102709 BCX0\">abzub\u00fcrsten<\/span><span class=\"NormalTextRun SCXW20102709 BCX0\">. Mit <\/span><span class=\"NormalTextRun SpellingErrorV2Themed SCXW20102709 BCX0\">Hilfe<\/span><span class=\"NormalTextRun SCXW20102709 BCX0\"> dieses <\/span><span class=\"NormalTextRun SpellingErrorV2Themed SCXW20102709 BCX0\">Hufauskratzers<\/span> <span class=\"NormalTextRun SpellingErrorV2Themed SCXW20102709 BCX0\">k\u00f6nnen<\/span><span class=\"NormalTextRun SCXW20102709 BCX0\"> Strahl und <\/span><span class=\"NormalTextRun SpellingErrorV2Themed SCXW20102709 BCX0\">wei\u00dfe<\/span><span class=\"NormalTextRun SCXW20102709 BCX0\"> Linie <\/span><span class=\"NormalTextRun SCXW20102709 BCX0\">optimal<\/span><span class=\"NormalTextRun SCXW20102709 BCX0\"> f\u00fcr die Anwendung von <\/span><span class=\"NormalTextRun SpellingErrorV2Themed SCXW20102709 BCX0\">Strahlfoili<\/span> <span class=\"NormalTextRun SpellingErrorV2Themed SCXW20102709 BCX0\">vorbereitet<\/span> <span class=\"NormalTextRun SpellingErrorV2Themed SCXW20102709 BCX0\">werden<\/span><span class=\"NormalTextRun SCXW20102709 BCX0\">.<\/span><\/span><span class=\"EOP SCXW20102709 BCX0\" data-ccp-props=\"{&quot;134233117&quot;:false,&quot;134233118&quot;:false,&quot;335559738&quot;:0,&quot;335559739&quot;:0}\">\u00a0<\/span><\/p>\n<\/div>\n<p dir=\"auto\">Alle Produkte wurden mit viel Herzblut von Hufschmiedin, Reiterin und Pferdeliebhaberin Aletia mit einem Ziel entwickelt \u2013 Pferde mit der bestm\u00f6glichen und effektivsten Pflege zu unterst\u00fctzen. Als Hufschmiedin hat Aletia ihr Wissen und ihre Liebe f\u00fcr Pferde zusammengepackt, get\u00fcftelt und getestet, bis sie die perfekte L\u00f6sung hatte.<\/p>","protected":false},"excerpt":{"rendered":"<p class=\"translation-block\">Everything your horse needs! Our combo package contains all of our products at a small discount.\nThe bundle includes:\n\u2013 1 x 500g Strahlfoili\n\u2013 1 x 250 ml Hufoili\n\u2013 1 x 1000g Beinfoili\n\u2013 1 x hoof pick with wire hoof brush (NEW)<\/p>","protected":false},"featured_media":2357,"comment_status":"closed","ping_status":"closed","template":"","meta":[],"product_brand":[],"product_cat":[57],"product_tag":[],"class_list":{"0":"post-2356","1":"product","2":"type-product","3":"status-publish","4":"has-post-thumbnail","6":"product_cat-sets","8":"first","9":"instock","10":"taxable","11":"shipping-taxable","12":"purchasable","13":"product-type-simple"},"yoast_head":"<!-- This site is optimized with the Yoast SEO plugin v27.4 - https:\/\/yoast.com\/product\/yoast-seo-wordpress\/ -->\n<title>Strahlfoili Pferde- und Hufpflege Kombi-Paket - Strahlfoili - The Hoof Company<\/title>\n<meta name=\"description\" content=\"In unserem Hufpflege Kombi-Paket befinden sich all unsere Pferde- &amp; Hufpflege-Produkte: Strahlfoili, Hufoili, Beinfoili &amp; der beste Hufauskratzer der Welt.\" \/>\n<meta name=\"robots\" content=\"index, follow, max-snippet:-1, max-image-preview:large, max-video-preview:-1\" \/>\n<link rel=\"canonical\" href=\"https:\/\/strahlfoili.com\/en\/product\/strahlfoili-kombi-pack\/\" \/>\n<meta property=\"og:locale\" content=\"en_GB\" \/>\n<meta property=\"og:type\" content=\"article\" \/>\n<meta property=\"og:title\" content=\"Strahlfoili Pferde- und Hufpflege Kombi-Paket - Strahlfoili - The Hoof Company\" \/>\n<meta property=\"og:description\" content=\"In unserem Hufpflege Kombi-Paket befinden sich all unsere Pferde- &amp; Hufpflege-Produkte: Strahlfoili, Hufoili, Beinfoili &amp; der beste Hufauskratzer der Welt.\" \/>\n<meta property=\"og:url\" content=\"https:\/\/strahlfoili.com\/en\/product\/strahlfoili-kombi-pack\/\" \/>\n<meta property=\"og:site_name\" content=\"Strahlfoili - The Hoof Company\" \/>\n<meta property=\"article:modified_time\" content=\"2026-01-13T10:46:50+00:00\" \/>\n<meta property=\"og:image\" content=\"https:\/\/strahlfoili.com\/media\/2025\/04\/Strahlfoili-ProduktkombiPaket-1024x1024.png\" \/>\n\t<meta property=\"og:image:width\" content=\"1024\" \/>\n\t<meta property=\"og:image:height\" content=\"1024\" \/>\n\t<meta property=\"og:image:type\" content=\"image\/png\" \/>\n<meta name=\"twitter:card\" content=\"summary_large_image\" \/>\n<meta name=\"twitter:label1\" content=\"Estimated reading time\" \/>\n\t<meta name=\"twitter:data1\" content=\"2 minutes\" \/>\n<script type=\"application\/ld+json\" class=\"yoast-schema-graph\">{\"@context\":\"https:\\\/\\\/schema.org\",\"@graph\":[{\"@type\":\"WebPage\",\"@id\":\"https:\\\/\\\/strahlfoili.com\\\/produkt\\\/strahlfoili-kombi-pack\\\/\",\"url\":\"https:\\\/\\\/strahlfoili.com\\\/produkt\\\/strahlfoili-kombi-pack\\\/\",\"name\":\"Strahlfoili Pferde- und Hufpflege Kombi-Paket - Strahlfoili - The Hoof Company\",\"isPartOf\":{\"@id\":\"https:\\\/\\\/strahlfoili.com\\\/#website\"},\"primaryImageOfPage\":{\"@id\":\"https:\\\/\\\/strahlfoili.com\\\/produkt\\\/strahlfoili-kombi-pack\\\/#primaryimage\"},\"image\":{\"@id\":\"https:\\\/\\\/strahlfoili.com\\\/produkt\\\/strahlfoili-kombi-pack\\\/#primaryimage\"},\"thumbnailUrl\":\"https:\\\/\\\/strahlfoili.com\\\/media\\\/2025\\\/04\\\/Strahlfoili-ProduktkombiPaket.png\",\"datePublished\":\"2025-04-15T08:55:56+00:00\",\"dateModified\":\"2026-01-13T10:46:50+00:00\",\"description\":\"In unserem Hufpflege Kombi-Paket befinden sich all unsere Pferde- & Hufpflege-Produkte: Strahlfoili, Hufoili, Beinfoili & der beste Hufauskratzer der Welt.\",\"breadcrumb\":{\"@id\":\"https:\\\/\\\/strahlfoili.com\\\/produkt\\\/strahlfoili-kombi-pack\\\/#breadcrumb\"},\"inLanguage\":\"en-GB\",\"potentialAction\":[{\"@type\":\"ReadAction\",\"target\":[\"https:\\\/\\\/strahlfoili.com\\\/produkt\\\/strahlfoili-kombi-pack\\\/\"]}]},{\"@type\":\"ImageObject\",\"inLanguage\":\"en-GB\",\"@id\":\"https:\\\/\\\/strahlfoili.com\\\/produkt\\\/strahlfoili-kombi-pack\\\/#primaryimage\",\"url\":\"https:\\\/\\\/strahlfoili.com\\\/media\\\/2025\\\/04\\\/Strahlfoili-ProduktkombiPaket.png\",\"contentUrl\":\"https:\\\/\\\/strahlfoili.com\\\/media\\\/2025\\\/04\\\/Strahlfoili-ProduktkombiPaket.png\",\"width\":2500,\"height\":2500,\"caption\":\"Zeigt Strahlfoili, Hufoili, Beinfoili und Hufauskratzer. Pflegeprodukte f\u00fcr Pferde\"},{\"@type\":\"BreadcrumbList\",\"@id\":\"https:\\\/\\\/strahlfoili.com\\\/produkt\\\/strahlfoili-kombi-pack\\\/#breadcrumb\",\"itemListElement\":[{\"@type\":\"ListItem\",\"position\":1,\"name\":\"Startseite\",\"item\":\"https:\\\/\\\/strahlfoili.com\\\/\"},{\"@type\":\"ListItem\",\"position\":2,\"name\":\"Deutschland's bestes Mittel gegen Strahlf\u00e4ule\",\"item\":\"https:\\\/\\\/strahlfoili.com\\\/shop\\\/\"},{\"@type\":\"ListItem\",\"position\":3,\"name\":\"Strahlfoili Pferde- und Hufpflege Kombi-Paket\"}]},{\"@type\":\"WebSite\",\"@id\":\"https:\\\/\\\/strahlfoili.com\\\/#website\",\"url\":\"https:\\\/\\\/strahlfoili.com\\\/\",\"name\":\"Strahlfoili\",\"description\":\"Nummer 1 Hufpflege gegen Strahlf\u00e4ule im Pferdehuf\",\"publisher\":{\"@id\":\"https:\\\/\\\/strahlfoili.com\\\/#organization\"},\"potentialAction\":[{\"@type\":\"SearchAction\",\"target\":{\"@type\":\"EntryPoint\",\"urlTemplate\":\"https:\\\/\\\/strahlfoili.com\\\/?s={search_term_string}\"},\"query-input\":{\"@type\":\"PropertyValueSpecification\",\"valueRequired\":true,\"valueName\":\"search_term_string\"}}],\"inLanguage\":\"en-GB\"},{\"@type\":\"Organization\",\"@id\":\"https:\\\/\\\/strahlfoili.com\\\/#organization\",\"name\":\"Strahlfoili\",\"url\":\"https:\\\/\\\/strahlfoili.com\\\/\",\"logo\":{\"@type\":\"ImageObject\",\"inLanguage\":\"en-GB\",\"@id\":\"https:\\\/\\\/strahlfoili.com\\\/#\\\/schema\\\/logo\\\/image\\\/\",\"url\":\"https:\\\/\\\/strahlfoili.com\\\/media\\\/2025\\\/01\\\/Strahlfoili-TheHoofCompany-Logo.png\",\"contentUrl\":\"https:\\\/\\\/strahlfoili.com\\\/media\\\/2025\\\/01\\\/Strahlfoili-TheHoofCompany-Logo.png\",\"width\":905,\"height\":279,\"caption\":\"Strahlfoili\"},\"image\":{\"@id\":\"https:\\\/\\\/strahlfoili.com\\\/#\\\/schema\\\/logo\\\/image\\\/\"}}]}<\/script>\n<!-- \/ Yoast SEO plugin. -->","yoast_head_json":{"title":"Strahlfoili Pferde- und Hufpflege Kombi-Paket - Strahlfoili - The Hoof Company","description":"In unserem Hufpflege Kombi-Paket befinden sich all unsere Pferde- & Hufpflege-Produkte: Strahlfoili, Hufoili, Beinfoili & der beste Hufauskratzer der Welt.","robots":{"index":"index","follow":"follow","max-snippet":"max-snippet:-1","max-image-preview":"max-image-preview:large","max-video-preview":"max-video-preview:-1"},"canonical":"https:\/\/strahlfoili.com\/en\/product\/strahlfoili-kombi-pack\/","og_locale":"en_GB","og_type":"article","og_title":"Strahlfoili Pferde- und Hufpflege Kombi-Paket - Strahlfoili - The Hoof Company","og_description":"In unserem Hufpflege Kombi-Paket befinden sich all unsere Pferde- & Hufpflege-Produkte: Strahlfoili, Hufoili, Beinfoili & der beste Hufauskratzer der Welt.","og_url":"https:\/\/strahlfoili.com\/en\/product\/strahlfoili-kombi-pack\/","og_site_name":"Strahlfoili - The Hoof Company","article_modified_time":"2026-01-13T10:46:50+00:00","og_image":[{"width":1024,"height":1024,"url":"https:\/\/strahlfoili.com\/media\/2025\/04\/Strahlfoili-ProduktkombiPaket-1024x1024.png","type":"image\/png"}],"twitter_card":"summary_large_image","twitter_misc":{"Estimated reading time":"2 minutes"},"schema":{"@context":"https:\/\/schema.org","@graph":[{"@type":"WebPage","@id":"https:\/\/strahlfoili.com\/produkt\/strahlfoili-kombi-pack\/","url":"https:\/\/strahlfoili.com\/produkt\/strahlfoili-kombi-pack\/","name":"Strahlfoili Pferde- und Hufpflege Kombi-Paket - Strahlfoili - The Hoof Company","isPartOf":{"@id":"https:\/\/strahlfoili.com\/#website"},"primaryImageOfPage":{"@id":"https:\/\/strahlfoili.com\/produkt\/strahlfoili-kombi-pack\/#primaryimage"},"image":{"@id":"https:\/\/strahlfoili.com\/produkt\/strahlfoili-kombi-pack\/#primaryimage"},"thumbnailUrl":"https:\/\/strahlfoili.com\/media\/2025\/04\/Strahlfoili-ProduktkombiPaket.png","datePublished":"2025-04-15T08:55:56+00:00","dateModified":"2026-01-13T10:46:50+00:00","description":"In unserem Hufpflege Kombi-Paket befinden sich all unsere Pferde- & Hufpflege-Produkte: Strahlfoili, Hufoili, Beinfoili & der beste Hufauskratzer der Welt.","breadcrumb":{"@id":"https:\/\/strahlfoili.com\/produkt\/strahlfoili-kombi-pack\/#breadcrumb"},"inLanguage":"en-GB","potentialAction":[{"@type":"ReadAction","target":["https:\/\/strahlfoili.com\/produkt\/strahlfoili-kombi-pack\/"]}]},{"@type":"ImageObject","inLanguage":"en-GB","@id":"https:\/\/strahlfoili.com\/produkt\/strahlfoili-kombi-pack\/#primaryimage","url":"https:\/\/strahlfoili.com\/media\/2025\/04\/Strahlfoili-ProduktkombiPaket.png","contentUrl":"https:\/\/strahlfoili.com\/media\/2025\/04\/Strahlfoili-ProduktkombiPaket.png","width":2500,"height":2500,"caption":"Zeigt Strahlfoili, Hufoili, Beinfoili und Hufauskratzer. Pflegeprodukte f\u00fcr Pferde"},{"@type":"BreadcrumbList","@id":"https:\/\/strahlfoili.com\/produkt\/strahlfoili-kombi-pack\/#breadcrumb","itemListElement":[{"@type":"ListItem","position":1,"name":"Startseite","item":"https:\/\/strahlfoili.com\/"},{"@type":"ListItem","position":2,"name":"Deutschland's bestes Mittel gegen Strahlf\u00e4ule","item":"https:\/\/strahlfoili.com\/shop\/"},{"@type":"ListItem","position":3,"name":"Strahlfoili Pferde- und Hufpflege Kombi-Paket"}]},{"@type":"WebSite","@id":"https:\/\/strahlfoili.com\/#website","url":"https:\/\/strahlfoili.com\/","name":"Strahlfoili","description":"Nummer 1 Hufpflege gegen Strahlf\u00e4ule im Pferdehuf","publisher":{"@id":"https:\/\/strahlfoili.com\/#organization"},"potentialAction":[{"@type":"SearchAction","target":{"@type":"EntryPoint","urlTemplate":"https:\/\/strahlfoili.com\/?s={search_term_string}"},"query-input":{"@type":"PropertyValueSpecification","valueRequired":true,"valueName":"search_term_string"}}],"inLanguage":"en-GB"},{"@type":"Organization","@id":"https:\/\/strahlfoili.com\/#organization","name":"Strahlfoili","url":"https:\/\/strahlfoili.com\/","logo":{"@type":"ImageObject","inLanguage":"en-GB","@id":"https:\/\/strahlfoili.com\/#\/schema\/logo\/image\/","url":"https:\/\/strahlfoili.com\/media\/2025\/01\/Strahlfoili-TheHoofCompany-Logo.png","contentUrl":"https:\/\/strahlfoili.com\/media\/2025\/01\/Strahlfoili-TheHoofCompany-Logo.png","width":905,"height":279,"caption":"Strahlfoili"},"image":{"@id":"https:\/\/strahlfoili.com\/#\/schema\/logo\/image\/"}}]}},"_links":{"self":[{"href":"https:\/\/strahlfoili.com\/en\/wp-json\/wp\/v2\/product\/2356","targetHints":{"allow":["GET"]}}],"collection":[{"href":"https:\/\/strahlfoili.com\/en\/wp-json\/wp\/v2\/product"}],"about":[{"href":"https:\/\/strahlfoili.com\/en\/wp-json\/wp\/v2\/types\/product"}],"replies":[{"embeddable":true,"href":"https:\/\/strahlfoili.com\/en\/wp-json\/wp\/v2\/comments?post=2356"}],"wp:featuredmedia":[{"embeddable":true,"href":"https:\/\/strahlfoili.com\/en\/wp-json\/wp\/v2\/media\/2357"}],"wp:attachment":[{"href":"https:\/\/strahlfoili.com\/en\/wp-json\/wp\/v2\/media?parent=2356"}],"wp:term":[{"taxonomy":"product_brand","embeddable":true,"href":"https:\/\/strahlfoili.com\/en\/wp-json\/wp\/v2\/product_brand?post=2356"},{"taxonomy":"product_cat","embeddable":true,"href":"https:\/\/strahlfoili.com\/en\/wp-json\/wp\/v2\/product_cat?post=2356"},{"taxonomy":"product_tag","embeddable":true,"href":"https:\/\/strahlfoili.com\/en\/wp-json\/wp\/v2\/product_tag?post=2356"}],"curies":[{"name":"wp","href":"https:\/\/api.w.org\/{rel}","templated":true}]}}