{"id":3847,"date":"2025-07-14T13:15:39","date_gmt":"2025-07-14T11:15:39","guid":{"rendered":"https:\/\/strahlfoili.com\/?post_type=product&#038;p=3847"},"modified":"2026-04-07T21:42:42","modified_gmt":"2026-04-07T19:42:42","slug":"glitzer-hufoili-schwarz-glitzer-minze","status":"publish","type":"product","link":"https:\/\/strahlfoili.com\/en\/product\/glitzer-hufoili-schwarz-glitzer-minze\/","title":{"rendered":"Glitzer-Hufoili &#8211; Schwarz &#038; Silber mit Pfefferminzduft"},"content":{"rendered":"<p>Hufoili is not hoof oil! Hufoili is the ultimate gel for radiant hoof health. Hufoili hoof gel supports the elasticity of the coronet band and strengthens the hoof wall.<\/p>\n<p>This Hufoili is black with silver Bioglitter\u00ae and has a peppermint scent.<\/p>\n<p>Our glitter hoof oil is available in four different colours with four different organic glitter shades. Both the colours and the glitter are biodegradable!<\/p>\n<p><strong>How to apply Hufoili?<\/strong><br \/>\nApply even across the entire hoof wall, starting at the coronary band.<\/p>\n<p><strong>How often shall I use Hufoili?<br \/>\n<\/strong>Hufoili can be used daily.<\/p>\n<p><strong>What does Hufoili help with?<\/strong> Hufoili helps to keep your horses' coronary band flexible and provides top care for the hoof wall.<\/p>\n<p><strong>What are the ingredients of Hufoili?<\/strong><br \/>\nDie Inhaltsstoffe von Hufoili sind: Lanolin, Oliven\u00f6l, Glycerin, Lorbeer\u00f6l, Bio-Glitzer, Eisenoxid, Duftstoffe<\/p>\n<p><strong>Can I use Hufoili on competition horses?<br \/>\n<\/strong>Yes.<\/p>\n<p><strong>What colouring and sparkles are used?<br \/>\n<\/strong>We use Bioglitter\u00ae and food colouring. Both are biodegradable.\u00a0<strong><br \/>\n<\/strong><\/p>","protected":false},"excerpt":{"rendered":"<p>Due to popular demand, our hoof gel, Hufoili, is now available with organic glitter (Bioglitter\u00ae) and scent.<\/p>\n<p>250ml\/Schwarz mit Pfefferminzduft<\/p>","protected":false},"featured_media":3853,"comment_status":"closed","ping_status":"closed","template":"","meta":[],"product_brand":[],"product_cat":[27],"product_tag":[],"class_list":{"0":"post-3847","1":"product","2":"type-product","3":"status-publish","4":"has-post-thumbnail","6":"product_cat-hufpflege","8":"first","9":"instock","10":"taxable","11":"shipping-taxable","12":"purchasable","13":"product-type-simple"},"yoast_head":"<!-- This site is optimized with the Yoast SEO plugin v27.2 - https:\/\/yoast.com\/product\/yoast-seo-wordpress\/ -->\n<title>Glitzer-Hufoili - Schwarz &amp; Silber mit Pfefferminzduft - Strahlfoili - The Hoof Company<\/title>\n<meta name=\"description\" content=\"Glitzer-Hufoili - Schwarz &amp; Silber mit Minzduft. Das ultimative Hufgel f\u00fcr Pferde. Zur Unterst\u00fctzung von Kronrand und Hufwand; ein absolutes Must-Have.\" \/>\n<meta name=\"robots\" content=\"index, follow, max-snippet:-1, max-image-preview:large, max-video-preview:-1\" \/>\n<link rel=\"canonical\" href=\"https:\/\/strahlfoili.com\/en\/product\/glitzer-hufoili-schwarz-glitzer-minze\/\" \/>\n<meta property=\"og:locale\" content=\"en_GB\" \/>\n<meta property=\"og:type\" content=\"article\" \/>\n<meta property=\"og:title\" content=\"Glitzer-Hufoili - Schwarz &amp; Silber mit Pfefferminzduft - Strahlfoili - The Hoof Company\" \/>\n<meta property=\"og:description\" content=\"Glitzer-Hufoili - Schwarz &amp; Silber mit Minzduft. Das ultimative Hufgel f\u00fcr Pferde. Zur Unterst\u00fctzung von Kronrand und Hufwand; ein absolutes Must-Have.\" \/>\n<meta property=\"og:url\" content=\"https:\/\/strahlfoili.com\/en\/product\/glitzer-hufoili-schwarz-glitzer-minze\/\" \/>\n<meta property=\"og:site_name\" content=\"Strahlfoili - The Hoof Company\" \/>\n<meta property=\"article:modified_time\" content=\"2026-04-07T19:42:42+00:00\" \/>\n<meta property=\"og:image\" content=\"https:\/\/strahlfoili.com\/media\/2025\/07\/Hufoili-Schwarz-Glitzer.png\" \/>\n\t<meta property=\"og:image:width\" content=\"2500\" \/>\n\t<meta property=\"og:image:height\" content=\"2500\" \/>\n\t<meta property=\"og:image:type\" content=\"image\/png\" \/>\n<meta name=\"twitter:card\" content=\"summary_large_image\" \/>\n<meta name=\"twitter:label1\" content=\"Estimated reading time\" \/>\n\t<meta name=\"twitter:data1\" content=\"2 minutes\" \/>\n<script type=\"application\/ld+json\" class=\"yoast-schema-graph\">{\"@context\":\"https:\/\/schema.org\",\"@graph\":[{\"@type\":\"WebPage\",\"@id\":\"https:\/\/strahlfoili.com\/produkt\/glitzer-hufoili-schwarz-glitzer-minze\/\",\"url\":\"https:\/\/strahlfoili.com\/produkt\/glitzer-hufoili-schwarz-glitzer-minze\/\",\"name\":\"Glitzer-Hufoili - Schwarz & Silber mit Pfefferminzduft - Strahlfoili - The Hoof Company\",\"isPartOf\":{\"@id\":\"https:\/\/strahlfoili.com\/#website\"},\"primaryImageOfPage\":{\"@id\":\"https:\/\/strahlfoili.com\/produkt\/glitzer-hufoili-schwarz-glitzer-minze\/#primaryimage\"},\"image\":{\"@id\":\"https:\/\/strahlfoili.com\/produkt\/glitzer-hufoili-schwarz-glitzer-minze\/#primaryimage\"},\"thumbnailUrl\":\"https:\/\/strahlfoili.com\/media\/2025\/07\/Hufoili-Schwarz-Glitzer.png\",\"datePublished\":\"2025-07-14T11:15:39+00:00\",\"dateModified\":\"2026-04-07T19:42:42+00:00\",\"description\":\"Glitzer-Hufoili - Schwarz & Silber mit Minzduft. Das ultimative Hufgel f\u00fcr Pferde. Zur Unterst\u00fctzung von Kronrand und Hufwand; ein absolutes Must-Have.\",\"breadcrumb\":{\"@id\":\"https:\/\/strahlfoili.com\/produkt\/glitzer-hufoili-schwarz-glitzer-minze\/#breadcrumb\"},\"inLanguage\":\"en-GB\",\"potentialAction\":[{\"@type\":\"ReadAction\",\"target\":[\"https:\/\/strahlfoili.com\/produkt\/glitzer-hufoili-schwarz-glitzer-minze\/\"]}]},{\"@type\":\"ImageObject\",\"inLanguage\":\"en-GB\",\"@id\":\"https:\/\/strahlfoili.com\/produkt\/glitzer-hufoili-schwarz-glitzer-minze\/#primaryimage\",\"url\":\"https:\/\/strahlfoili.com\/media\/2025\/07\/Hufoili-Schwarz-Glitzer.png\",\"contentUrl\":\"https:\/\/strahlfoili.com\/media\/2025\/07\/Hufoili-Schwarz-Glitzer.png\",\"width\":2500,\"height\":2500,\"caption\":\"Hufoili ist kein Huf\u00f6l! Hufoili ist das ultimative Gel f\u00fcr strahlende Hufgesundheit. Hufoili Hufgel unterst\u00fctzt die Elastizit\u00e4t des Kronrand und st\u00e4rkt die Hufwand. Dieses Hufoili ist schwarz mit silbernem Bioglitter\u00ae und Pfefferminzduft.\"},{\"@type\":\"BreadcrumbList\",\"@id\":\"https:\/\/strahlfoili.com\/produkt\/glitzer-hufoili-schwarz-glitzer-minze\/#breadcrumb\",\"itemListElement\":[{\"@type\":\"ListItem\",\"position\":1,\"name\":\"Startseite\",\"item\":\"https:\/\/strahlfoili.com\/\"},{\"@type\":\"ListItem\",\"position\":2,\"name\":\"Deutschland's bestes Mittel gegen Strahlf\u00e4ule\",\"item\":\"https:\/\/strahlfoili.com\/shop\/\"},{\"@type\":\"ListItem\",\"position\":3,\"name\":\"Glitzer-Hufoili &#8211; Schwarz &#038; Silber mit Pfefferminzduft\"}]},{\"@type\":\"WebSite\",\"@id\":\"https:\/\/strahlfoili.com\/#website\",\"url\":\"https:\/\/strahlfoili.com\/\",\"name\":\"Strahlfoili\",\"description\":\"Nummer 1 Hufpflege gegen Strahlf\u00e4ule im Pferdehuf\",\"publisher\":{\"@id\":\"https:\/\/strahlfoili.com\/#organization\"},\"potentialAction\":[{\"@type\":\"SearchAction\",\"target\":{\"@type\":\"EntryPoint\",\"urlTemplate\":\"https:\/\/strahlfoili.com\/?s={search_term_string}\"},\"query-input\":{\"@type\":\"PropertyValueSpecification\",\"valueRequired\":true,\"valueName\":\"search_term_string\"}}],\"inLanguage\":\"en-GB\"},{\"@type\":\"Organization\",\"@id\":\"https:\/\/strahlfoili.com\/#organization\",\"name\":\"Strahlfoili\",\"url\":\"https:\/\/strahlfoili.com\/\",\"logo\":{\"@type\":\"ImageObject\",\"inLanguage\":\"en-GB\",\"@id\":\"https:\/\/strahlfoili.com\/#\/schema\/logo\/image\/\",\"url\":\"https:\/\/strahlfoili.com\/media\/2025\/01\/Strahlfoili-TheHoofCompany-Logo.png\",\"contentUrl\":\"https:\/\/strahlfoili.com\/media\/2025\/01\/Strahlfoili-TheHoofCompany-Logo.png\",\"width\":905,\"height\":279,\"caption\":\"Strahlfoili\"},\"image\":{\"@id\":\"https:\/\/strahlfoili.com\/#\/schema\/logo\/image\/\"}}]}<\/script>\n<!-- \/ Yoast SEO plugin. -->","yoast_head_json":{"title":"Glitzer-Hufoili - Schwarz & Silber mit Pfefferminzduft - Strahlfoili - The Hoof Company","description":"Glitzer-Hufoili - Schwarz & Silber mit Minzduft. Das ultimative Hufgel f\u00fcr Pferde. Zur Unterst\u00fctzung von Kronrand und Hufwand; ein absolutes Must-Have.","robots":{"index":"index","follow":"follow","max-snippet":"max-snippet:-1","max-image-preview":"max-image-preview:large","max-video-preview":"max-video-preview:-1"},"canonical":"https:\/\/strahlfoili.com\/en\/product\/glitzer-hufoili-schwarz-glitzer-minze\/","og_locale":"en_GB","og_type":"article","og_title":"Glitzer-Hufoili - Schwarz & Silber mit Pfefferminzduft - Strahlfoili - The Hoof Company","og_description":"Glitzer-Hufoili - Schwarz & Silber mit Minzduft. Das ultimative Hufgel f\u00fcr Pferde. Zur Unterst\u00fctzung von Kronrand und Hufwand; ein absolutes Must-Have.","og_url":"https:\/\/strahlfoili.com\/en\/product\/glitzer-hufoili-schwarz-glitzer-minze\/","og_site_name":"Strahlfoili - The Hoof Company","article_modified_time":"2026-04-07T19:42:42+00:00","og_image":[{"width":2500,"height":2500,"url":"https:\/\/strahlfoili.com\/media\/2025\/07\/Hufoili-Schwarz-Glitzer.png","type":"image\/png"}],"twitter_card":"summary_large_image","twitter_misc":{"Estimated reading time":"2 minutes"},"schema":{"@context":"https:\/\/schema.org","@graph":[{"@type":"WebPage","@id":"https:\/\/strahlfoili.com\/produkt\/glitzer-hufoili-schwarz-glitzer-minze\/","url":"https:\/\/strahlfoili.com\/produkt\/glitzer-hufoili-schwarz-glitzer-minze\/","name":"Glitzer-Hufoili - Schwarz & Silber mit Pfefferminzduft - Strahlfoili - The Hoof Company","isPartOf":{"@id":"https:\/\/strahlfoili.com\/#website"},"primaryImageOfPage":{"@id":"https:\/\/strahlfoili.com\/produkt\/glitzer-hufoili-schwarz-glitzer-minze\/#primaryimage"},"image":{"@id":"https:\/\/strahlfoili.com\/produkt\/glitzer-hufoili-schwarz-glitzer-minze\/#primaryimage"},"thumbnailUrl":"https:\/\/strahlfoili.com\/media\/2025\/07\/Hufoili-Schwarz-Glitzer.png","datePublished":"2025-07-14T11:15:39+00:00","dateModified":"2026-04-07T19:42:42+00:00","description":"Glitzer-Hufoili - Schwarz & Silber mit Minzduft. Das ultimative Hufgel f\u00fcr Pferde. Zur Unterst\u00fctzung von Kronrand und Hufwand; ein absolutes Must-Have.","breadcrumb":{"@id":"https:\/\/strahlfoili.com\/produkt\/glitzer-hufoili-schwarz-glitzer-minze\/#breadcrumb"},"inLanguage":"en-GB","potentialAction":[{"@type":"ReadAction","target":["https:\/\/strahlfoili.com\/produkt\/glitzer-hufoili-schwarz-glitzer-minze\/"]}]},{"@type":"ImageObject","inLanguage":"en-GB","@id":"https:\/\/strahlfoili.com\/produkt\/glitzer-hufoili-schwarz-glitzer-minze\/#primaryimage","url":"https:\/\/strahlfoili.com\/media\/2025\/07\/Hufoili-Schwarz-Glitzer.png","contentUrl":"https:\/\/strahlfoili.com\/media\/2025\/07\/Hufoili-Schwarz-Glitzer.png","width":2500,"height":2500,"caption":"Hufoili ist kein Huf\u00f6l! Hufoili ist das ultimative Gel f\u00fcr strahlende Hufgesundheit. Hufoili Hufgel unterst\u00fctzt die Elastizit\u00e4t des Kronrand und st\u00e4rkt die Hufwand. Dieses Hufoili ist schwarz mit silbernem Bioglitter\u00ae und Pfefferminzduft."},{"@type":"BreadcrumbList","@id":"https:\/\/strahlfoili.com\/produkt\/glitzer-hufoili-schwarz-glitzer-minze\/#breadcrumb","itemListElement":[{"@type":"ListItem","position":1,"name":"Startseite","item":"https:\/\/strahlfoili.com\/"},{"@type":"ListItem","position":2,"name":"Deutschland's bestes Mittel gegen Strahlf\u00e4ule","item":"https:\/\/strahlfoili.com\/shop\/"},{"@type":"ListItem","position":3,"name":"Glitzer-Hufoili &#8211; Schwarz &#038; Silber mit Pfefferminzduft"}]},{"@type":"WebSite","@id":"https:\/\/strahlfoili.com\/#website","url":"https:\/\/strahlfoili.com\/","name":"Strahlfoili","description":"Nummer 1 Hufpflege gegen Strahlf\u00e4ule im Pferdehuf","publisher":{"@id":"https:\/\/strahlfoili.com\/#organization"},"potentialAction":[{"@type":"SearchAction","target":{"@type":"EntryPoint","urlTemplate":"https:\/\/strahlfoili.com\/?s={search_term_string}"},"query-input":{"@type":"PropertyValueSpecification","valueRequired":true,"valueName":"search_term_string"}}],"inLanguage":"en-GB"},{"@type":"Organization","@id":"https:\/\/strahlfoili.com\/#organization","name":"Strahlfoili","url":"https:\/\/strahlfoili.com\/","logo":{"@type":"ImageObject","inLanguage":"en-GB","@id":"https:\/\/strahlfoili.com\/#\/schema\/logo\/image\/","url":"https:\/\/strahlfoili.com\/media\/2025\/01\/Strahlfoili-TheHoofCompany-Logo.png","contentUrl":"https:\/\/strahlfoili.com\/media\/2025\/01\/Strahlfoili-TheHoofCompany-Logo.png","width":905,"height":279,"caption":"Strahlfoili"},"image":{"@id":"https:\/\/strahlfoili.com\/#\/schema\/logo\/image\/"}}]}},"_links":{"self":[{"href":"https:\/\/strahlfoili.com\/en\/wp-json\/wp\/v2\/product\/3847","targetHints":{"allow":["GET"]}}],"collection":[{"href":"https:\/\/strahlfoili.com\/en\/wp-json\/wp\/v2\/product"}],"about":[{"href":"https:\/\/strahlfoili.com\/en\/wp-json\/wp\/v2\/types\/product"}],"replies":[{"embeddable":true,"href":"https:\/\/strahlfoili.com\/en\/wp-json\/wp\/v2\/comments?post=3847"}],"wp:featuredmedia":[{"embeddable":true,"href":"https:\/\/strahlfoili.com\/en\/wp-json\/wp\/v2\/media\/3853"}],"wp:attachment":[{"href":"https:\/\/strahlfoili.com\/en\/wp-json\/wp\/v2\/media?parent=3847"}],"wp:term":[{"taxonomy":"product_brand","embeddable":true,"href":"https:\/\/strahlfoili.com\/en\/wp-json\/wp\/v2\/product_brand?post=3847"},{"taxonomy":"product_cat","embeddable":true,"href":"https:\/\/strahlfoili.com\/en\/wp-json\/wp\/v2\/product_cat?post=3847"},{"taxonomy":"product_tag","embeddable":true,"href":"https:\/\/strahlfoili.com\/en\/wp-json\/wp\/v2\/product_tag?post=3847"}],"curies":[{"name":"wp","href":"https:\/\/api.w.org\/{rel}","templated":true}]}}