{"id":6704,"date":"2026-01-13T11:33:53","date_gmt":"2026-01-13T10:33:53","guid":{"rendered":"https:\/\/strahlfoili.com\/?post_type=product&#038;p=6704"},"modified":"2026-01-21T13:51:20","modified_gmt":"2026-01-21T12:51:20","slug":"pro-huf-putty-beige","status":"publish","type":"product","link":"https:\/\/strahlfoili.com\/en\/product\/pro-huf-putty-beige\/","title":{"rendered":"Pro Huf Putty Beige"},"content":{"rendered":"<p>Eine optimale Hufpflege umfasst viele Aspekte, darunter das Verschlie\u00dfen von kleinen Rillen und alten Nagell\u00f6chern.<\/p>\n<p>Durch die Verwendung von Pro Huf Putty zum Verschlie\u00dfen alter Nagell\u00f6cher und kleiner Rillen nach dem Beschlagen verhinderst du weitgehend, dass Schmutz und sch\u00e4dliche Bakterien in die Nagell\u00f6cher eindringen.<\/p>\n<p>Damit der Huf nach dem Auftragen von Pro Huf Putty gut aussieht, haben wir sowohl eine beige als auch eine schwarze Version entwickelt.<\/p>\n<p>Anwendung: Zur \u00e4u\u00dferlichen Anwendung in Nagell\u00f6chern, kleinen Rissen und Hohlr\u00e4umen in der Hufwand. Es kann bedenkenlos Wasser beigemischt werden, um die bevorzugte Konsistenz zu erhalten. Am trockenen Huf anzuwenden, bei Bedarf Anwendung wiederholen.<\/p>\n<p>Inhalt: 200ml<br \/>\nFarbe: Beige<br \/>\nInhaltsstoffe: Kaolinit, Wasser, ZnO, Kupfer Vitriol, Honig<\/p>","protected":false},"excerpt":{"rendered":"<p>Der Nagellochf\u00fcller von Strahlfoili. Durch die Verwendung von Pro Huf Putty l\u00e4sst sich das Eindringen von Bakterien weitgehend verhindern.<\/p>","protected":false},"featured_media":6699,"comment_status":"closed","ping_status":"closed","template":"","meta":[],"product_brand":[],"product_cat":[27],"product_tag":[],"class_list":{"0":"post-6704","1":"product","2":"type-product","3":"status-publish","4":"has-post-thumbnail","6":"product_cat-hufpflege","8":"first","9":"instock","10":"taxable","11":"shipping-taxable","12":"purchasable","13":"product-type-simple"},"yoast_head":"<!-- This site is optimized with the Yoast SEO plugin v27.4 - https:\/\/yoast.com\/product\/yoast-seo-wordpress\/ -->\n<title>Pro Huf Putty Beige - Strahlfoili - The Hoof Company<\/title>\n<meta name=\"description\" content=\"Der Nagellochf\u00fcller von Strahlfoili. Durch die Verwendung von Pro Huf Putty l\u00e4sst sich das Eindringen von Bakterien weitgehend verhindern.\" \/>\n<meta name=\"robots\" content=\"index, follow, max-snippet:-1, max-image-preview:large, max-video-preview:-1\" \/>\n<link rel=\"canonical\" href=\"https:\/\/strahlfoili.com\/en\/product\/pro-huf-putty-beige\/\" \/>\n<meta property=\"og:locale\" content=\"en_GB\" \/>\n<meta property=\"og:type\" content=\"article\" \/>\n<meta property=\"og:title\" content=\"Pro Huf Putty Beige - Strahlfoili - The Hoof Company\" \/>\n<meta property=\"og:description\" content=\"Der Nagellochf\u00fcller von Strahlfoili. Durch die Verwendung von Pro Huf Putty l\u00e4sst sich das Eindringen von Bakterien weitgehend verhindern.\" \/>\n<meta property=\"og:url\" content=\"https:\/\/strahlfoili.com\/en\/product\/pro-huf-putty-beige\/\" \/>\n<meta property=\"og:site_name\" content=\"Strahlfoili - The Hoof Company\" \/>\n<meta property=\"article:modified_time\" content=\"2026-01-21T12:51:20+00:00\" \/>\n<meta property=\"og:image\" content=\"https:\/\/strahlfoili.com\/media\/2026\/01\/PuttyBeige.png\" \/>\n\t<meta property=\"og:image:width\" content=\"2500\" \/>\n\t<meta property=\"og:image:height\" content=\"2500\" \/>\n\t<meta property=\"og:image:type\" content=\"image\/png\" \/>\n<meta name=\"twitter:card\" content=\"summary_large_image\" \/>\n<meta name=\"twitter:label1\" content=\"Estimated reading time\" \/>\n\t<meta name=\"twitter:data1\" content=\"1 minute\" \/>\n<script type=\"application\/ld+json\" class=\"yoast-schema-graph\">{\"@context\":\"https:\\\/\\\/schema.org\",\"@graph\":[{\"@type\":\"WebPage\",\"@id\":\"https:\\\/\\\/strahlfoili.com\\\/produkt\\\/pro-huf-putty-beige\\\/\",\"url\":\"https:\\\/\\\/strahlfoili.com\\\/produkt\\\/pro-huf-putty-beige\\\/\",\"name\":\"Pro Huf Putty Beige - Strahlfoili - The Hoof Company\",\"isPartOf\":{\"@id\":\"https:\\\/\\\/strahlfoili.com\\\/#website\"},\"primaryImageOfPage\":{\"@id\":\"https:\\\/\\\/strahlfoili.com\\\/produkt\\\/pro-huf-putty-beige\\\/#primaryimage\"},\"image\":{\"@id\":\"https:\\\/\\\/strahlfoili.com\\\/produkt\\\/pro-huf-putty-beige\\\/#primaryimage\"},\"thumbnailUrl\":\"https:\\\/\\\/strahlfoili.com\\\/media\\\/2026\\\/01\\\/PuttyBeige.png\",\"datePublished\":\"2026-01-13T10:33:53+00:00\",\"dateModified\":\"2026-01-21T12:51:20+00:00\",\"description\":\"Der Nagellochf\u00fcller von Strahlfoili. Durch die Verwendung von Pro Huf Putty l\u00e4sst sich das Eindringen von Bakterien weitgehend verhindern.\",\"breadcrumb\":{\"@id\":\"https:\\\/\\\/strahlfoili.com\\\/produkt\\\/pro-huf-putty-beige\\\/#breadcrumb\"},\"inLanguage\":\"en-GB\",\"potentialAction\":[{\"@type\":\"ReadAction\",\"target\":[\"https:\\\/\\\/strahlfoili.com\\\/produkt\\\/pro-huf-putty-beige\\\/\"]}]},{\"@type\":\"ImageObject\",\"inLanguage\":\"en-GB\",\"@id\":\"https:\\\/\\\/strahlfoili.com\\\/produkt\\\/pro-huf-putty-beige\\\/#primaryimage\",\"url\":\"https:\\\/\\\/strahlfoili.com\\\/media\\\/2026\\\/01\\\/PuttyBeige.png\",\"contentUrl\":\"https:\\\/\\\/strahlfoili.com\\\/media\\\/2026\\\/01\\\/PuttyBeige.png\",\"width\":2500,\"height\":2500},{\"@type\":\"BreadcrumbList\",\"@id\":\"https:\\\/\\\/strahlfoili.com\\\/produkt\\\/pro-huf-putty-beige\\\/#breadcrumb\",\"itemListElement\":[{\"@type\":\"ListItem\",\"position\":1,\"name\":\"Startseite\",\"item\":\"https:\\\/\\\/strahlfoili.com\\\/\"},{\"@type\":\"ListItem\",\"position\":2,\"name\":\"Deutschland's bestes Mittel gegen Strahlf\u00e4ule\",\"item\":\"https:\\\/\\\/strahlfoili.com\\\/shop\\\/\"},{\"@type\":\"ListItem\",\"position\":3,\"name\":\"Pro Huf Putty Beige\"}]},{\"@type\":\"WebSite\",\"@id\":\"https:\\\/\\\/strahlfoili.com\\\/#website\",\"url\":\"https:\\\/\\\/strahlfoili.com\\\/\",\"name\":\"Strahlfoili\",\"description\":\"Nummer 1 Hufpflege gegen Strahlf\u00e4ule im Pferdehuf\",\"publisher\":{\"@id\":\"https:\\\/\\\/strahlfoili.com\\\/#organization\"},\"potentialAction\":[{\"@type\":\"SearchAction\",\"target\":{\"@type\":\"EntryPoint\",\"urlTemplate\":\"https:\\\/\\\/strahlfoili.com\\\/?s={search_term_string}\"},\"query-input\":{\"@type\":\"PropertyValueSpecification\",\"valueRequired\":true,\"valueName\":\"search_term_string\"}}],\"inLanguage\":\"en-GB\"},{\"@type\":\"Organization\",\"@id\":\"https:\\\/\\\/strahlfoili.com\\\/#organization\",\"name\":\"Strahlfoili\",\"url\":\"https:\\\/\\\/strahlfoili.com\\\/\",\"logo\":{\"@type\":\"ImageObject\",\"inLanguage\":\"en-GB\",\"@id\":\"https:\\\/\\\/strahlfoili.com\\\/#\\\/schema\\\/logo\\\/image\\\/\",\"url\":\"https:\\\/\\\/strahlfoili.com\\\/media\\\/2025\\\/01\\\/Strahlfoili-TheHoofCompany-Logo.png\",\"contentUrl\":\"https:\\\/\\\/strahlfoili.com\\\/media\\\/2025\\\/01\\\/Strahlfoili-TheHoofCompany-Logo.png\",\"width\":905,\"height\":279,\"caption\":\"Strahlfoili\"},\"image\":{\"@id\":\"https:\\\/\\\/strahlfoili.com\\\/#\\\/schema\\\/logo\\\/image\\\/\"}}]}<\/script>\n<!-- \/ Yoast SEO plugin. -->","yoast_head_json":{"title":"Pro Huf Putty Beige - Strahlfoili - The Hoof Company","description":"Der Nagellochf\u00fcller von Strahlfoili. Durch die Verwendung von Pro Huf Putty l\u00e4sst sich das Eindringen von Bakterien weitgehend verhindern.","robots":{"index":"index","follow":"follow","max-snippet":"max-snippet:-1","max-image-preview":"max-image-preview:large","max-video-preview":"max-video-preview:-1"},"canonical":"https:\/\/strahlfoili.com\/en\/product\/pro-huf-putty-beige\/","og_locale":"en_GB","og_type":"article","og_title":"Pro Huf Putty Beige - Strahlfoili - The Hoof Company","og_description":"Der Nagellochf\u00fcller von Strahlfoili. Durch die Verwendung von Pro Huf Putty l\u00e4sst sich das Eindringen von Bakterien weitgehend verhindern.","og_url":"https:\/\/strahlfoili.com\/en\/product\/pro-huf-putty-beige\/","og_site_name":"Strahlfoili - The Hoof Company","article_modified_time":"2026-01-21T12:51:20+00:00","og_image":[{"width":2500,"height":2500,"url":"https:\/\/strahlfoili.com\/media\/2026\/01\/PuttyBeige.png","type":"image\/png"}],"twitter_card":"summary_large_image","twitter_misc":{"Estimated reading time":"1 minute"},"schema":{"@context":"https:\/\/schema.org","@graph":[{"@type":"WebPage","@id":"https:\/\/strahlfoili.com\/produkt\/pro-huf-putty-beige\/","url":"https:\/\/strahlfoili.com\/produkt\/pro-huf-putty-beige\/","name":"Pro Huf Putty Beige - Strahlfoili - The Hoof Company","isPartOf":{"@id":"https:\/\/strahlfoili.com\/#website"},"primaryImageOfPage":{"@id":"https:\/\/strahlfoili.com\/produkt\/pro-huf-putty-beige\/#primaryimage"},"image":{"@id":"https:\/\/strahlfoili.com\/produkt\/pro-huf-putty-beige\/#primaryimage"},"thumbnailUrl":"https:\/\/strahlfoili.com\/media\/2026\/01\/PuttyBeige.png","datePublished":"2026-01-13T10:33:53+00:00","dateModified":"2026-01-21T12:51:20+00:00","description":"Der Nagellochf\u00fcller von Strahlfoili. Durch die Verwendung von Pro Huf Putty l\u00e4sst sich das Eindringen von Bakterien weitgehend verhindern.","breadcrumb":{"@id":"https:\/\/strahlfoili.com\/produkt\/pro-huf-putty-beige\/#breadcrumb"},"inLanguage":"en-GB","potentialAction":[{"@type":"ReadAction","target":["https:\/\/strahlfoili.com\/produkt\/pro-huf-putty-beige\/"]}]},{"@type":"ImageObject","inLanguage":"en-GB","@id":"https:\/\/strahlfoili.com\/produkt\/pro-huf-putty-beige\/#primaryimage","url":"https:\/\/strahlfoili.com\/media\/2026\/01\/PuttyBeige.png","contentUrl":"https:\/\/strahlfoili.com\/media\/2026\/01\/PuttyBeige.png","width":2500,"height":2500},{"@type":"BreadcrumbList","@id":"https:\/\/strahlfoili.com\/produkt\/pro-huf-putty-beige\/#breadcrumb","itemListElement":[{"@type":"ListItem","position":1,"name":"Startseite","item":"https:\/\/strahlfoili.com\/"},{"@type":"ListItem","position":2,"name":"Deutschland's bestes Mittel gegen Strahlf\u00e4ule","item":"https:\/\/strahlfoili.com\/shop\/"},{"@type":"ListItem","position":3,"name":"Pro Huf Putty Beige"}]},{"@type":"WebSite","@id":"https:\/\/strahlfoili.com\/#website","url":"https:\/\/strahlfoili.com\/","name":"Strahlfoili","description":"Nummer 1 Hufpflege gegen Strahlf\u00e4ule im Pferdehuf","publisher":{"@id":"https:\/\/strahlfoili.com\/#organization"},"potentialAction":[{"@type":"SearchAction","target":{"@type":"EntryPoint","urlTemplate":"https:\/\/strahlfoili.com\/?s={search_term_string}"},"query-input":{"@type":"PropertyValueSpecification","valueRequired":true,"valueName":"search_term_string"}}],"inLanguage":"en-GB"},{"@type":"Organization","@id":"https:\/\/strahlfoili.com\/#organization","name":"Strahlfoili","url":"https:\/\/strahlfoili.com\/","logo":{"@type":"ImageObject","inLanguage":"en-GB","@id":"https:\/\/strahlfoili.com\/#\/schema\/logo\/image\/","url":"https:\/\/strahlfoili.com\/media\/2025\/01\/Strahlfoili-TheHoofCompany-Logo.png","contentUrl":"https:\/\/strahlfoili.com\/media\/2025\/01\/Strahlfoili-TheHoofCompany-Logo.png","width":905,"height":279,"caption":"Strahlfoili"},"image":{"@id":"https:\/\/strahlfoili.com\/#\/schema\/logo\/image\/"}}]}},"_links":{"self":[{"href":"https:\/\/strahlfoili.com\/en\/wp-json\/wp\/v2\/product\/6704","targetHints":{"allow":["GET"]}}],"collection":[{"href":"https:\/\/strahlfoili.com\/en\/wp-json\/wp\/v2\/product"}],"about":[{"href":"https:\/\/strahlfoili.com\/en\/wp-json\/wp\/v2\/types\/product"}],"replies":[{"embeddable":true,"href":"https:\/\/strahlfoili.com\/en\/wp-json\/wp\/v2\/comments?post=6704"}],"wp:featuredmedia":[{"embeddable":true,"href":"https:\/\/strahlfoili.com\/en\/wp-json\/wp\/v2\/media\/6699"}],"wp:attachment":[{"href":"https:\/\/strahlfoili.com\/en\/wp-json\/wp\/v2\/media?parent=6704"}],"wp:term":[{"taxonomy":"product_brand","embeddable":true,"href":"https:\/\/strahlfoili.com\/en\/wp-json\/wp\/v2\/product_brand?post=6704"},{"taxonomy":"product_cat","embeddable":true,"href":"https:\/\/strahlfoili.com\/en\/wp-json\/wp\/v2\/product_cat?post=6704"},{"taxonomy":"product_tag","embeddable":true,"href":"https:\/\/strahlfoili.com\/en\/wp-json\/wp\/v2\/product_tag?post=6704"}],"curies":[{"name":"wp","href":"https:\/\/api.w.org\/{rel}","templated":true}]}}